{"id":326,"date":"2018-08-02T16:08:19","date_gmt":"2018-08-02T19:08:19","guid":{"rendered":"http:\/\/movimente.ufsc.br\/?page_id=326"},"modified":"2023-09-11T16:53:07","modified_gmt":"2023-09-11T19:53:07","slug":"o-estudo","status":"publish","type":"page","link":"https:\/\/eleva.ufsc.br\/en\/sobre\/o-estudo\/","title":{"rendered":"The Research"},"content":{"rendered":"<div data-elementor-type=\"wp-post\" data-elementor-id=\"326\" class=\"elementor elementor-326\">\n\t\t\t\t\t\t<section class=\"elementor-section elementor-top-section elementor-element elementor-element-1e0674e elementor-section-height-min-height elementor-section-boxed elementor-section-height-default elementor-section-items-middle\" data-id=\"1e0674e\" data-element_type=\"section\" data-settings=\"{&quot;background_background&quot;:&quot;classic&quot;}\">\n\t\t\t\t\t\t\t<div class=\"elementor-background-overlay\"><\/div>\n\t\t\t\t\t\t\t<div class=\"elementor-container elementor-column-gap-default\">\n\t\t\t\t\t<div class=\"elementor-column elementor-col-100 elementor-top-column elementor-element elementor-element-f727bda\" data-id=\"f727bda\" data-element_type=\"column\">\n\t\t\t<div class=\"elementor-widget-wrap elementor-element-populated\">\n\t\t\t\t\t\t<div class=\"elementor-element elementor-element-7a53e58 elementor-widget elementor-widget-text-editor\" data-id=\"7a53e58\" data-element_type=\"widget\" data-widget_type=\"text-editor.default\">\n\t\t\t\t<div class=\"elementor-widget-container\">\n\t\t\t\t\t\t\t\t\t<p>The ELEVA Project: What is it?<\/p>\t\t\t\t\t\t\t\t<\/div>\n\t\t\t\t<\/div>\n\t\t\t\t\t<\/div>\n\t\t<\/div>\n\t\t\t\t\t<\/div>\n\t\t<\/section>\n\t\t\t\t<section class=\"elementor-section elementor-top-section elementor-element elementor-element-080f9ab elementor-section-content-middle elementor-reverse-mobile elementor-section-boxed elementor-section-height-default elementor-section-height-default\" data-id=\"080f9ab\" data-element_type=\"section\">\n\t\t\t\t\t\t<div class=\"elementor-container elementor-column-gap-default\">\n\t\t\t\t\t<div class=\"elementor-column elementor-col-50 elementor-top-column elementor-element elementor-element-8adf77e\" data-id=\"8adf77e\" data-element_type=\"column\">\n\t\t\t<div class=\"elementor-widget-wrap elementor-element-populated\">\n\t\t\t\t\t\t<div class=\"elementor-element elementor-element-180fd9d elementor-widget elementor-widget-text-editor\" data-id=\"180fd9d\" data-element_type=\"widget\" data-widget_type=\"text-editor.default\">\n\t\t\t\t<div class=\"elementor-widget-container\">\n\t\t\t\t\t\t\t\t\t<p><span style=\"font-weight: 400;\">The Longitudinal Study of the Lifestyle of Adolescents - ELEVA is a research project, planned and developed by researchers from the Research Center for Physical Activity and Health, at the Federal University of Santa Catarina (NuPAF \/ UFSC), covering one of its priority research lines, entitled \u201cPhysical Education, Living Conditions and Health\u201d.<\/span><\/p>\t\t\t\t\t\t\t\t<\/div>\n\t\t\t\t<\/div>\n\t\t\t\t\t<\/div>\n\t\t<\/div>\n\t\t\t\t<div class=\"elementor-column elementor-col-50 elementor-top-column elementor-element elementor-element-96195de\" data-id=\"96195de\" data-element_type=\"column\">\n\t\t\t<div class=\"elementor-widget-wrap elementor-element-populated\">\n\t\t\t\t\t\t<div class=\"elementor-element elementor-element-8a35ce0 elementor-widget elementor-widget-image\" data-id=\"8a35ce0\" data-element_type=\"widget\" data-widget_type=\"image.default\">\n\t\t\t\t<div class=\"elementor-widget-container\">\n\t\t\t\t\t\t\t\t\t\t\t\t<figure class=\"wp-caption\">\n\t\t\t\t\t\t\t\t\t\t<img decoding=\"async\" src=\"https:\/\/eleva.ufsc.br\/wp-content\/uploads\/2020\/03\/MR.jpg\" title=\"MR\" alt=\"MR\" loading=\"lazy\" \/>\t\t\t\t\t\t\t\t\t\t\t<figcaption class=\"widget-image-caption wp-caption-text\">IFSC - Campus Mauro Ramos<\/figcaption>\n\t\t\t\t\t\t\t\t\t\t<\/figure>\n\t\t\t\t\t\t\t\t\t<\/div>\n\t\t\t\t<\/div>\n\t\t\t\t\t<\/div>\n\t\t<\/div>\n\t\t\t\t\t<\/div>\n\t\t<\/section>\n\t\t\t\t<section class=\"elementor-section elementor-top-section elementor-element elementor-element-7491904 elementor-section-content-middle elementor-section-boxed elementor-section-height-default elementor-section-height-default\" data-id=\"7491904\" data-element_type=\"section\">\n\t\t\t\t\t\t<div class=\"elementor-container elementor-column-gap-default\">\n\t\t\t\t\t<div class=\"elementor-column elementor-col-50 elementor-top-column elementor-element elementor-element-75ddbf8\" data-id=\"75ddbf8\" data-element_type=\"column\">\n\t\t\t<div class=\"elementor-widget-wrap elementor-element-populated\">\n\t\t\t\t\t\t<div class=\"elementor-element elementor-element-fe4355f elementor-widget elementor-widget-image\" data-id=\"fe4355f\" data-element_type=\"widget\" data-widget_type=\"image.default\">\n\t\t\t\t<div class=\"elementor-widget-container\">\n\t\t\t\t\t\t\t\t\t\t\t\t<figure class=\"wp-caption\">\n\t\t\t\t\t\t\t\t\t\t<img decoding=\"async\" src=\"https:\/\/eleva.ufsc.br\/wp-content\/uploads\/2020\/03\/SJ.jpg\" title=\"SJ\" alt=\"SJ\" loading=\"lazy\" \/>\t\t\t\t\t\t\t\t\t\t\t<figcaption class=\"widget-image-caption wp-caption-text\">IFSC - Campus S\u00e3o Jos\u00e9<\/figcaption>\n\t\t\t\t\t\t\t\t\t\t<\/figure>\n\t\t\t\t\t\t\t\t\t<\/div>\n\t\t\t\t<\/div>\n\t\t\t\t\t<\/div>\n\t\t<\/div>\n\t\t\t\t<div class=\"elementor-column elementor-col-50 elementor-top-column elementor-element elementor-element-f7d790f\" data-id=\"f7d790f\" data-element_type=\"column\">\n\t\t\t<div class=\"elementor-widget-wrap elementor-element-populated\">\n\t\t\t\t\t\t<div class=\"elementor-element elementor-element-4388f12 elementor-widget elementor-widget-text-editor\" data-id=\"4388f12\" data-element_type=\"widget\" data-widget_type=\"text-editor.default\">\n\t\t\t\t<div class=\"elementor-widget-container\">\n\t\t\t\t\t\t\t\t\t<p><span style=\"font-weight: 400;\">O ELEVA tem como objetivo avaliar comportamentos de atividade f\u00edsica, comportamento sedent\u00e1rio, de sono, comportamento alimentar, e o&nbsp; consumo de \u00e1lcool e cigarro de estudantes do ensino m\u00e9dio integrado ao ensino t\u00e9cnico. Estes comportamentos s\u00e3o parte do que chamamos de estilo de vida vinculado \u00e0 sa\u00fade, que est\u00e1 diretamente ligado \u00e0 sa\u00fade e bem estar dos adolescentes\u00b9, o projeto avaliou os alunos matriculados no ensino m\u00e9dio integrado e t\u00e9cnico dos Institutos Federais de Educa\u00e7\u00e3o Tecnol\u00f3gica de Santa Catarina (IF), localizado na grande regi\u00e3o de Florian\u00f3polis (Florian\u00f3polis, S\u00e3o Jos\u00e9 e Palho\u00e7a) em 2019 e em 2022<\/span><\/p>\t\t\t\t\t\t\t\t<\/div>\n\t\t\t\t<\/div>\n\t\t\t\t\t<\/div>\n\t\t<\/div>\n\t\t\t\t\t<\/div>\n\t\t<\/section>\n\t\t\t\t<section class=\"elementor-section elementor-top-section elementor-element elementor-element-5df759a elementor-section-content-middle elementor-reverse-mobile elementor-section-boxed elementor-section-height-default elementor-section-height-default\" data-id=\"5df759a\" data-element_type=\"section\">\n\t\t\t\t\t\t<div class=\"elementor-container elementor-column-gap-default\">\n\t\t\t\t\t<div class=\"elementor-column elementor-col-50 elementor-top-column elementor-element elementor-element-f56da4c\" data-id=\"f56da4c\" data-element_type=\"column\">\n\t\t\t<div class=\"elementor-widget-wrap elementor-element-populated\">\n\t\t\t\t\t\t<div class=\"elementor-element elementor-element-ad02c00 elementor-widget elementor-widget-text-editor\" data-id=\"ad02c00\" data-element_type=\"widget\" data-widget_type=\"text-editor.default\">\n\t\t\t\t<div class=\"elementor-widget-container\">\n\t\t\t\t\t\t\t\t\t<p><span style=\"font-weight: 400;\">O ELEVA foi realizado em 2019 e em 2022, obtendo uma amostra de transversal repetido e uma amostra longitudinal.<\/span><\/p>\t\t\t\t\t\t\t\t<\/div>\n\t\t\t\t<\/div>\n\t\t\t\t\t<\/div>\n\t\t<\/div>\n\t\t\t\t<div class=\"elementor-column elementor-col-50 elementor-top-column elementor-element elementor-element-0c5378a\" data-id=\"0c5378a\" data-element_type=\"column\">\n\t\t\t<div class=\"elementor-widget-wrap elementor-element-populated\">\n\t\t\t\t\t\t<div class=\"elementor-element elementor-element-8b56dc5 elementor-widget elementor-widget-image\" data-id=\"8b56dc5\" data-element_type=\"widget\" data-widget_type=\"image.default\">\n\t\t\t\t<div class=\"elementor-widget-container\">\n\t\t\t\t\t\t\t\t\t\t\t\t<figure class=\"wp-caption\">\n\t\t\t\t\t\t\t\t\t\t<img decoding=\"async\" src=\"https:\/\/eleva.ufsc.br\/wp-content\/uploads\/2020\/03\/Foto_C\u00e2mpusPalho\u00e7aBil\u00edngue_2015.jpg\" title=\"Foto_C\u00e2mpusPalho\u00e7aBil\u00edngue_2015\" alt=\"Foto_C\u00e2mpusPalho\u00e7aBil\u00edngue_2015\" loading=\"lazy\" \/>\t\t\t\t\t\t\t\t\t\t\t<figcaption class=\"widget-image-caption wp-caption-text\">IFSC - Campus Palho\u00e7a Bil\u00edngue<\/figcaption>\n\t\t\t\t\t\t\t\t\t\t<\/figure>\n\t\t\t\t\t\t\t\t\t<\/div>\n\t\t\t\t<\/div>\n\t\t\t\t\t<\/div>\n\t\t<\/div>\n\t\t\t\t\t<\/div>\n\t\t<\/section>\n\t\t\t\t<section class=\"elementor-section elementor-top-section elementor-element elementor-element-ad0dc1a elementor-section-boxed elementor-section-height-default elementor-section-height-default\" data-id=\"ad0dc1a\" data-element_type=\"section\">\n\t\t\t\t\t\t<div class=\"elementor-container elementor-column-gap-default\">\n\t\t\t\t\t<div class=\"elementor-column elementor-col-100 elementor-top-column elementor-element elementor-element-6a495c7\" data-id=\"6a495c7\" data-element_type=\"column\">\n\t\t\t<div class=\"elementor-widget-wrap elementor-element-populated\">\n\t\t\t\t\t\t<div class=\"elementor-element elementor-element-95c35aa elementor-widget elementor-widget-text-editor\" data-id=\"95c35aa\" data-element_type=\"widget\" data-widget_type=\"text-editor.default\">\n\t\t\t\t<div class=\"elementor-widget-container\">\n\t\t\t\t\t\t\t\t\t<h3 style=\"margin-top: 0px; margin-bottom: 0px; font-weight: 600; line-height: 1; font-size: 29px; color: #6ec1e4;\"><span style=\"font-size: 21px; letter-spacing: 0px; color: #000000; font-weight: normal; text-align: justify;\">\u00a0<\/span><\/h3><h3 style=\"margin-top: 0px; margin-bottom: 0px; font-weight: 600; line-height: 1; font-size: 29px; color: #6ec1e4;\"><span style=\"color: #000000; font-size: 14px; text-align: justify; letter-spacing: 0px;\">References:<\/span><span style=\"color: #000000; font-size: 14px; text-align: justify; font-weight: 400; letter-spacing: 0px;\">1.FARHUD, D. D. Impact of Lifestyle on Health.<\/span><i style=\"color: #000000; font-size: 14px; text-align: justify; font-weight: 400; letter-spacing: 0px;\">Iran. J. Public Health\u00a0<\/i><span style=\"color: #000000; font-size: 14px; text-align: justify; letter-spacing: 0px;\">44<\/span><span style=\"color: #000000; font-size: 14px; text-align: justify; font-weight: 400; letter-spacing: 0px;\">, 1442\u20131444 (2015)<\/span><\/h3>\t\t\t\t\t\t\t\t<\/div>\n\t\t\t\t<\/div>\n\t\t\t\t\t<\/div>\n\t\t<\/div>\n\t\t\t\t\t<\/div>\n\t\t<\/section>\n\t\t\t\t<section class=\"elementor-section elementor-top-section elementor-element elementor-element-71dc879 elementor-section-boxed elementor-section-height-default elementor-section-height-default\" data-id=\"71dc879\" data-element_type=\"section\">\n\t\t\t\t\t\t<div class=\"elementor-container elementor-column-gap-default\">\n\t\t\t\t\t<div class=\"elementor-column elementor-col-100 elementor-top-column elementor-element elementor-element-c85cad3\" data-id=\"c85cad3\" data-element_type=\"column\">\n\t\t\t<div class=\"elementor-widget-wrap\">\n\t\t\t\t\t\t\t<\/div>\n\t\t<\/div>\n\t\t\t\t\t<\/div>\n\t\t<\/section>\n\t\t\t\t<section class=\"elementor-section elementor-top-section elementor-element elementor-element-c1ae7eb elementor-section-boxed elementor-section-height-default elementor-section-height-default\" data-id=\"c1ae7eb\" data-element_type=\"section\">\n\t\t\t\t\t\t<div class=\"elementor-container elementor-column-gap-default\">\n\t\t\t\t\t<div class=\"elementor-column elementor-col-100 elementor-top-column elementor-element elementor-element-8992703\" data-id=\"8992703\" data-element_type=\"column\">\n\t\t\t<div class=\"elementor-widget-wrap elementor-element-populated\">\n\t\t\t\t\t\t\t<\/div>\n\t\t<\/div>\n\t\t\t\t\t<\/div>\n\t\t<\/section>\n\t\t\t\t<\/div>","protected":false},"excerpt":{"rendered":"<p>O Projeto ELEVA: O que \u00e9? O Estudo Longitudinal do Estilo de Vida de Adolescentes\u2013 ELEVA \u00e9 um projeto de pesquisa e desenvolvido por pesquisadores do\u00a0N\u00facleo de Pesquisa em Atividade F\u00edsica e Sa\u00fade, da Universidade Federal de Santa Catarina (NuPAF\/UFSC), contemplando uma de suas linhas de pesquisa priorit\u00e1rias, intitulada \u201cEduca\u00e7\u00e3o F\u00edsica, Condi\u00e7\u00f5es de Vida e Sa\u00fade\u201d. IFSC &#8211; Campus Mauro Ramos IFSC &#8211; Campus S\u00e3o Jos\u00e9 O ELEVA tem como objetivo avaliar comportamentos de atividade f\u00edsica, comportamento&hellip;<\/p>","protected":false},"author":1,"featured_media":0,"parent":201,"menu_order":0,"comment_status":"closed","ping_status":"closed","template":"","meta":{"footnotes":""},"class_list":["post-326","page","type-page","status-publish","hentry"],"_links":{"self":[{"href":"https:\/\/eleva.ufsc.br\/en\/wp-json\/wp\/v2\/pages\/326","targetHints":{"allow":["GET"]}}],"collection":[{"href":"https:\/\/eleva.ufsc.br\/en\/wp-json\/wp\/v2\/pages"}],"about":[{"href":"https:\/\/eleva.ufsc.br\/en\/wp-json\/wp\/v2\/types\/page"}],"author":[{"embeddable":true,"href":"https:\/\/eleva.ufsc.br\/en\/wp-json\/wp\/v2\/users\/1"}],"replies":[{"embeddable":true,"href":"https:\/\/eleva.ufsc.br\/en\/wp-json\/wp\/v2\/comments?post=326"}],"version-history":[{"count":29,"href":"https:\/\/eleva.ufsc.br\/en\/wp-json\/wp\/v2\/pages\/326\/revisions"}],"predecessor-version":[{"id":1468,"href":"https:\/\/eleva.ufsc.br\/en\/wp-json\/wp\/v2\/pages\/326\/revisions\/1468"}],"up":[{"embeddable":true,"href":"https:\/\/eleva.ufsc.br\/en\/wp-json\/wp\/v2\/pages\/201"}],"wp:attachment":[{"href":"https:\/\/eleva.ufsc.br\/en\/wp-json\/wp\/v2\/media?parent=326"}],"curies":[{"name":"wp","href":"https:\/\/api.w.org\/{rel}","templated":true}]}}