{"id":203,"date":"2018-08-02T14:55:25","date_gmt":"2018-08-02T17:55:25","guid":{"rendered":"http:\/\/movimente.ufsc.br\/?page_id=203"},"modified":"2020-10-16T11:53:51","modified_gmt":"2020-10-16T14:53:51","slug":"acelerometros","status":"publish","type":"page","link":"https:\/\/eleva.ufsc.br\/en\/acelerometros\/","title":{"rendered":"Aceler\u00f4metros"},"content":{"rendered":"<div data-elementor-type=\"wp-post\" data-elementor-id=\"203\" class=\"elementor elementor-203\">\n\t\t\t\t\t\t<section class=\"elementor-section elementor-top-section elementor-element elementor-element-15ffba9 elementor-section-height-min-height elementor-section-boxed elementor-section-height-default elementor-section-items-middle\" data-id=\"15ffba9\" data-element_type=\"section\" data-settings=\"{&quot;background_background&quot;:&quot;classic&quot;}\">\n\t\t\t\t\t\t\t<div class=\"elementor-background-overlay\"><\/div>\n\t\t\t\t\t\t\t<div class=\"elementor-container elementor-column-gap-default\">\n\t\t\t\t\t<div class=\"elementor-column elementor-col-100 elementor-top-column elementor-element elementor-element-ad75e3e\" data-id=\"ad75e3e\" data-element_type=\"column\">\n\t\t\t<div class=\"elementor-widget-wrap elementor-element-populated\">\n\t\t\t\t\t\t<section class=\"elementor-section elementor-inner-section elementor-element elementor-element-9e12b64 elementor-section-boxed elementor-section-height-default elementor-section-height-default\" data-id=\"9e12b64\" data-element_type=\"section\">\n\t\t\t\t\t\t<div class=\"elementor-container elementor-column-gap-default\">\n\t\t\t\t\t<div class=\"elementor-column elementor-col-50 elementor-inner-column elementor-element elementor-element-be424a4\" data-id=\"be424a4\" data-element_type=\"column\">\n\t\t\t<div class=\"elementor-widget-wrap elementor-element-populated\">\n\t\t\t\t\t\t<div class=\"elementor-element elementor-element-047999d elementor-widget elementor-widget-text-editor\" data-id=\"047999d\" data-element_type=\"widget\" data-widget_type=\"text-editor.default\">\n\t\t\t\t<div class=\"elementor-widget-container\">\n\t\t\t\t\t\t\t\t\t<h3 style=\"margin-top: 0px; margin-bottom: 0px; line-height: 1; font-size: 64px; font-family: 'Playfair Display', sans-serif; color: #3a3c63;\" data-elementor-setting-key=\"title\" data-pen-placeholder=\"Digite aqui...\">\u00a0 \u00a0Accelerometer<\/h3><div>\u00a0<\/div><div><span style=\"font-size: 18px; letter-spacing: 0px;\">To estimate the time spent on different movement behaviors, such as physical activity, stationary behavior, and sleep, students used Actigraph accelerometers<\/span><a href=\"https:\/\/actigraphcorp.com\/\" target=\"_blank\" rel=\"noopener\">(Actigraph Corporation, Pensacola, Florida, USA<\/a><span style=\"font-size: 18px; letter-spacing: 0px;\">), models GT3x+ e wGT3x+.<\/span><\/div>\t\t\t\t\t\t\t\t<\/div>\n\t\t\t\t<\/div>\n\t\t\t\t\t<\/div>\n\t\t<\/div>\n\t\t\t\t<div class=\"elementor-column elementor-col-50 elementor-inner-column elementor-element elementor-element-6ab84ba\" data-id=\"6ab84ba\" data-element_type=\"column\">\n\t\t\t<div class=\"elementor-widget-wrap elementor-element-populated\">\n\t\t\t\t\t\t<div class=\"elementor-element elementor-element-4fa412c elementor-widget elementor-widget-image\" data-id=\"4fa412c\" data-element_type=\"widget\" data-widget_type=\"image.default\">\n\t\t\t\t<div class=\"elementor-widget-container\">\n\t\t\t\t\t\t\t\t\t\t\t\t\t\t\t<img decoding=\"async\" src=\"https:\/\/eleva.ufsc.br\/wp-content\/uploads\/2020\/03\/CentrePoint-Insight.png\" title=\"CentrePoint-Insight\" alt=\"CentrePoint-Insight\" loading=\"lazy\" \/>\t\t\t\t\t\t\t\t\t\t\t\t\t\t\t<\/div>\n\t\t\t\t<\/div>\n\t\t\t\t\t<\/div>\n\t\t<\/div>\n\t\t\t\t\t<\/div>\n\t\t<\/section>\n\t\t\t\t\t<\/div>\n\t\t<\/div>\n\t\t\t\t\t<\/div>\n\t\t<\/section>\n\t\t\t\t<section class=\"elementor-section elementor-top-section elementor-element elementor-element-60e4a2e elementor-section-content-middle elementor-reverse-mobile elementor-section-boxed elementor-section-height-default elementor-section-height-default\" data-id=\"60e4a2e\" data-element_type=\"section\">\n\t\t\t\t\t\t<div class=\"elementor-container elementor-column-gap-default\">\n\t\t\t\t\t<div class=\"elementor-column elementor-col-50 elementor-top-column elementor-element elementor-element-444f9ad\" data-id=\"444f9ad\" data-element_type=\"column\">\n\t\t\t<div class=\"elementor-widget-wrap elementor-element-populated\">\n\t\t\t\t\t\t<div class=\"elementor-element elementor-element-e980b39 elementor-widget elementor-widget-heading\" data-id=\"e980b39\" data-element_type=\"widget\" data-widget_type=\"heading.default\">\n\t\t\t\t<div class=\"elementor-widget-container\">\n\t\t\t\t\t<h3 class=\"elementor-heading-title elementor-size-default\">Protocol<\/h3>\t\t\t\t<\/div>\n\t\t\t\t<\/div>\n\t\t\t\t<div class=\"elementor-element elementor-element-638d139 elementor-widget elementor-widget-text-editor\" data-id=\"638d139\" data-element_type=\"widget\" data-widget_type=\"text-editor.default\">\n\t\t\t\t<div class=\"elementor-widget-container\">\n\t\t\t\t\t\t\t\t\t<p>The adolescents used the device on the non-dominant wrist for 7 consecutive days. They were instructed to use the accelerometer for 24 hours (including the time sleeping), except for activities in which the monitors would be submerged in water (for example, surfing, swimming, but not bathing or washing the dishes).<\/p>\t\t\t\t\t\t\t\t<\/div>\n\t\t\t\t<\/div>\n\t\t\t\t\t<\/div>\n\t\t<\/div>\n\t\t\t\t<div class=\"elementor-column elementor-col-50 elementor-top-column elementor-element elementor-element-d7b134b\" data-id=\"d7b134b\" data-element_type=\"column\">\n\t\t\t<div class=\"elementor-widget-wrap elementor-element-populated\">\n\t\t\t\t\t\t<div class=\"elementor-element elementor-element-2ed9653 elementor-widget elementor-widget-image\" data-id=\"2ed9653\" data-element_type=\"widget\" data-widget_type=\"image.default\">\n\t\t\t\t<div class=\"elementor-widget-container\">\n\t\t\t\t\t\t\t\t\t\t\t\t<figure class=\"wp-caption\">\n\t\t\t\t\t\t\t\t\t\t<img decoding=\"async\" src=\"https:\/\/eleva.ufsc.br\/wp-content\/uploads\/2020\/10\/PVS-punho.jpg\" title=\"PVS punho\" alt=\"PVS punho\" loading=\"lazy\" \/>\t\t\t\t\t\t\t\t\t\t\t<figcaption class=\"widget-image-caption wp-caption-text\">Image provide by ELEVA<\/figcaption>\n\t\t\t\t\t\t\t\t\t\t<\/figure>\n\t\t\t\t\t\t\t\t\t<\/div>\n\t\t\t\t<\/div>\n\t\t\t\t\t<\/div>\n\t\t<\/div>\n\t\t\t\t\t<\/div>\n\t\t<\/section>\n\t\t\t\t<section class=\"elementor-section elementor-top-section elementor-element elementor-element-771f385 elementor-section-content-middle elementor-section-boxed elementor-section-height-default elementor-section-height-default\" data-id=\"771f385\" data-element_type=\"section\">\n\t\t\t\t\t\t<div class=\"elementor-container elementor-column-gap-default\">\n\t\t\t\t\t<div class=\"elementor-column elementor-col-50 elementor-top-column elementor-element elementor-element-ecb2e8d\" data-id=\"ecb2e8d\" data-element_type=\"column\">\n\t\t\t<div class=\"elementor-widget-wrap elementor-element-populated\">\n\t\t\t\t\t\t<div class=\"elementor-element elementor-element-758589d elementor-widget elementor-widget-image\" data-id=\"758589d\" data-element_type=\"widget\" data-widget_type=\"image.default\">\n\t\t\t\t<div class=\"elementor-widget-container\">\n\t\t\t\t\t\t\t\t\t\t\t\t<figure class=\"wp-caption\">\n\t\t\t\t\t\t\t\t\t\t\t<a href=\"https:\/\/www.pexels.com\/pt-br\/foto\/balcao-celular-computador-computador-portatil-2764670\/\">\n\t\t\t\t\t\t\t<img decoding=\"async\" src=\"https:\/\/eleva.ufsc.br\/wp-content\/uploads\/2020\/03\/pexels-photo-2764670.jpeg\" title=\"pexels-photo-2764670\" alt=\"pexels-photo-2764670\" loading=\"lazy\" \/>\t\t\t\t\t\t\t\t<\/a>\n\t\t\t\t\t\t\t\t\t\t\t<figcaption class=\"widget-image-caption wp-caption-text\">Image from: www.pexels.com<\/figcaption>\n\t\t\t\t\t\t\t\t\t\t<\/figure>\n\t\t\t\t\t\t\t\t\t<\/div>\n\t\t\t\t<\/div>\n\t\t\t\t\t<\/div>\n\t\t<\/div>\n\t\t\t\t<div class=\"elementor-column elementor-col-50 elementor-top-column elementor-element elementor-element-c1a3bcb\" data-id=\"c1a3bcb\" data-element_type=\"column\">\n\t\t\t<div class=\"elementor-widget-wrap elementor-element-populated\">\n\t\t\t\t\t\t<div class=\"elementor-element elementor-element-d8328ed elementor-widget elementor-widget-heading\" data-id=\"d8328ed\" data-element_type=\"widget\" data-widget_type=\"heading.default\">\n\t\t\t\t<div class=\"elementor-widget-container\">\n\t\t\t\t\t<h3 class=\"elementor-heading-title elementor-size-default\">Stationary Behavior<\/h3>\t\t\t\t<\/div>\n\t\t\t\t<\/div>\n\t\t\t\t<div class=\"elementor-element elementor-element-19e1fa0 elementor-widget elementor-widget-text-editor\" data-id=\"19e1fa0\" data-element_type=\"widget\" data-widget_type=\"text-editor.default\">\n\t\t\t\t<div class=\"elementor-widget-container\">\n\t\t\t\t\t\t\t\t\t<p>To classify the time that the adolescents remained in stationary behavior, the cutoff point of\u00a0<a href=\"https:\/\/doi.org\/10.1249\/MSS.0000000000000289\" target=\"_blank\" rel=\"noopener\">Hildebrand and collaborators<\/a>was used, and those activities with acceleration below 35.6 mg  were classified as stationary.<\/p>\t\t\t\t\t\t\t\t<\/div>\n\t\t\t\t<\/div>\n\t\t\t\t\t<\/div>\n\t\t<\/div>\n\t\t\t\t\t<\/div>\n\t\t<\/section>\n\t\t\t\t<section class=\"elementor-section elementor-top-section elementor-element elementor-element-2ef58f3 elementor-section-content-middle elementor-reverse-mobile elementor-section-boxed elementor-section-height-default elementor-section-height-default\" data-id=\"2ef58f3\" data-element_type=\"section\">\n\t\t\t\t\t\t<div class=\"elementor-container elementor-column-gap-default\">\n\t\t\t\t\t<div class=\"elementor-column elementor-col-50 elementor-top-column elementor-element elementor-element-983b7e4\" data-id=\"983b7e4\" data-element_type=\"column\">\n\t\t\t<div class=\"elementor-widget-wrap elementor-element-populated\">\n\t\t\t\t\t\t<div class=\"elementor-element elementor-element-cbd08ef elementor-widget elementor-widget-heading\" data-id=\"cbd08ef\" data-element_type=\"widget\" data-widget_type=\"heading.default\">\n\t\t\t\t<div class=\"elementor-widget-container\">\n\t\t\t\t\t<h3 class=\"elementor-heading-title elementor-size-default\">Physical Activity<\/h3>\t\t\t\t<\/div>\n\t\t\t\t<\/div>\n\t\t\t\t<div class=\"elementor-element elementor-element-666703b elementor-widget elementor-widget-text-editor\" data-id=\"666703b\" data-element_type=\"widget\" data-widget_type=\"text-editor.default\">\n\t\t\t\t<div class=\"elementor-widget-container\">\n\t\t\t\t\t\t\t\t\t<p>Physical activity was classified into Light Activities and Moderate and Vigorous activities, also using the cutoff points proposed by\u00a0<a href=\"https:\/\/doi.org\/10.1249\/MSS.0000000000000289\" target=\"_blank\" rel=\"noopener\">Hildebrand and collaborators<\/a>. Mild activities were considered as those with acceleration between 35.6mg and 201.4mg, while for moderate and vigorous activity were those above 201.4mg.\u00a0<\/p>\t\t\t\t\t\t\t\t<\/div>\n\t\t\t\t<\/div>\n\t\t\t\t\t<\/div>\n\t\t<\/div>\n\t\t\t\t<div class=\"elementor-column elementor-col-50 elementor-top-column elementor-element elementor-element-3235496\" data-id=\"3235496\" data-element_type=\"column\">\n\t\t\t<div class=\"elementor-widget-wrap elementor-element-populated\">\n\t\t\t\t\t\t<div class=\"elementor-element elementor-element-afeb97f elementor-widget elementor-widget-image\" data-id=\"afeb97f\" data-element_type=\"widget\" data-widget_type=\"image.default\">\n\t\t\t\t<div class=\"elementor-widget-container\">\n\t\t\t\t\t\t\t\t\t\t\t\t<figure class=\"wp-caption\">\n\t\t\t\t\t\t\t\t\t\t\t<a href=\"https:\/\/www.pexels.com\/pt-br\/foto\/atividade-fisica-atletas-bem-estar-calcados-2526878\/\">\n\t\t\t\t\t\t\t<img decoding=\"async\" src=\"https:\/\/eleva.ufsc.br\/wp-content\/uploads\/2020\/03\/pexels-photo-2526878.jpeg\" title=\"pexels-photo-2526878\" alt=\"pexels-photo-2526878\" loading=\"lazy\" \/>\t\t\t\t\t\t\t\t<\/a>\n\t\t\t\t\t\t\t\t\t\t\t<figcaption class=\"widget-image-caption wp-caption-text\">Image from: www.pexels.com<\/figcaption>\n\t\t\t\t\t\t\t\t\t\t<\/figure>\n\t\t\t\t\t\t\t\t\t<\/div>\n\t\t\t\t<\/div>\n\t\t\t\t\t<\/div>\n\t\t<\/div>\n\t\t\t\t\t<\/div>\n\t\t<\/section>\n\t\t\t\t<section class=\"elementor-section elementor-top-section elementor-element elementor-element-941810d elementor-section-content-middle elementor-section-boxed elementor-section-height-default elementor-section-height-default\" data-id=\"941810d\" data-element_type=\"section\">\n\t\t\t\t\t\t<div class=\"elementor-container elementor-column-gap-default\">\n\t\t\t\t\t<div class=\"elementor-column elementor-col-50 elementor-top-column elementor-element elementor-element-023d6d8\" data-id=\"023d6d8\" data-element_type=\"column\">\n\t\t\t<div class=\"elementor-widget-wrap elementor-element-populated\">\n\t\t\t\t\t\t<div class=\"elementor-element elementor-element-e6ebe0e elementor-widget elementor-widget-image\" data-id=\"e6ebe0e\" data-element_type=\"widget\" data-widget_type=\"image.default\">\n\t\t\t\t<div class=\"elementor-widget-container\">\n\t\t\t\t\t\t\t\t\t\t\t\t<figure class=\"wp-caption\">\n\t\t\t\t\t\t\t\t\t\t\t<a href=\"https:\/\/pxhere.com\/pt\/photo\/1558905\">\n\t\t\t\t\t\t\t<img decoding=\"async\" src=\"https:\/\/eleva.ufsc.br\/wp-content\/uploads\/2020\/03\/adult_asleep_bed_bedroom_blanket_dream_girl_person-1558905.jpg\" title=\"adult_asleep_bed_bedroom_blanket_dream_girl_person-1558905\" alt=\"adult_asleep_bed_bedroom_blanket_dream_girl_person-1558905\" loading=\"lazy\" \/>\t\t\t\t\t\t\t\t<\/a>\n\t\t\t\t\t\t\t\t\t\t\t<figcaption class=\"widget-image-caption wp-caption-text\">Image from: www.pxhere.com<\/figcaption>\n\t\t\t\t\t\t\t\t\t\t<\/figure>\n\t\t\t\t\t\t\t\t\t<\/div>\n\t\t\t\t<\/div>\n\t\t\t\t\t<\/div>\n\t\t<\/div>\n\t\t\t\t<div class=\"elementor-column elementor-col-50 elementor-top-column elementor-element elementor-element-13cea9e\" data-id=\"13cea9e\" data-element_type=\"column\">\n\t\t\t<div class=\"elementor-widget-wrap elementor-element-populated\">\n\t\t\t\t\t\t<div class=\"elementor-element elementor-element-a023c0a elementor-widget elementor-widget-heading\" data-id=\"a023c0a\" data-element_type=\"widget\" data-widget_type=\"heading.default\">\n\t\t\t\t<div class=\"elementor-widget-container\">\n\t\t\t\t\t<h3 class=\"elementor-heading-title elementor-size-default\">Sleep<\/h3>\t\t\t\t<\/div>\n\t\t\t\t<\/div>\n\t\t\t\t<div class=\"elementor-element elementor-element-575c8bc elementor-widget elementor-widget-text-editor\" data-id=\"575c8bc\" data-element_type=\"widget\" data-widget_type=\"text-editor.default\">\n\t\t\t\t<div class=\"elementor-widget-container\">\n\t\t\t\t\t\t\t\t\t<p>From the use of accelerometers, it was possible to estimate different variables related to sleep, such as duration and efficiency. For this, we have used the Heuristic algorithm, looking at\nDistribution of Change in z-Angle presented by\u00a0<a href=\"https:\/\/doi.org\/10.1038\/s41598-018-31266-z\" target=\"_blank\" rel=\"noopener\">Van Hees (2018)<\/a>. This algorithm identifies the longest period of inactivity within 24 hours, with the least number of interruptions, classifying as a sleep period.<\/p>\t\t\t\t\t\t\t\t<\/div>\n\t\t\t\t<\/div>\n\t\t\t\t\t<\/div>\n\t\t<\/div>\n\t\t\t\t\t<\/div>\n\t\t<\/section>\n\t\t\t\t<\/div>","protected":false},"excerpt":{"rendered":"<p>\u00a0 \u00a0Aceler\u00f4metro \u00a0Para estimar o tempo despendido em diferentes comportamentos de movimento, como atividade f\u00edsica, comportamento estacion\u00e1rio e sono, os alunos utilizaram aceler\u00f4metros da marca Actigraph (Actigraph Corporation, Pensacola, Florida, USA), modelos GT3x+ e wGT3x+. Protocolo de utiliza\u00e7\u00e3o Os adolescentes usaram o aparelho no punho n\u00e3o-dominante por 7 dias consecutivos. Eles receberam instru\u00e7\u00f5es para usar o aceler\u00f4metro por 24 horas (incluindo acordar e dormir), exceto nas atividades em que os monitores seriam submersos na \u00e1gua (por exemplo,&hellip;<\/p>","protected":false},"author":1,"featured_media":0,"parent":0,"menu_order":0,"comment_status":"closed","ping_status":"closed","template":"","meta":{"footnotes":""},"class_list":["post-203","page","type-page","status-publish","hentry"],"_links":{"self":[{"href":"https:\/\/eleva.ufsc.br\/en\/wp-json\/wp\/v2\/pages\/203","targetHints":{"allow":["GET"]}}],"collection":[{"href":"https:\/\/eleva.ufsc.br\/en\/wp-json\/wp\/v2\/pages"}],"about":[{"href":"https:\/\/eleva.ufsc.br\/en\/wp-json\/wp\/v2\/types\/page"}],"author":[{"embeddable":true,"href":"https:\/\/eleva.ufsc.br\/en\/wp-json\/wp\/v2\/users\/1"}],"replies":[{"embeddable":true,"href":"https:\/\/eleva.ufsc.br\/en\/wp-json\/wp\/v2\/comments?post=203"}],"version-history":[{"count":25,"href":"https:\/\/eleva.ufsc.br\/en\/wp-json\/wp\/v2\/pages\/203\/revisions"}],"predecessor-version":[{"id":1336,"href":"https:\/\/eleva.ufsc.br\/en\/wp-json\/wp\/v2\/pages\/203\/revisions\/1336"}],"wp:attachment":[{"href":"https:\/\/eleva.ufsc.br\/en\/wp-json\/wp\/v2\/media?parent=203"}],"curies":[{"name":"wp","href":"https:\/\/api.w.org\/{rel}","templated":true}]}}