{"id":1475,"date":"2024-11-14T13:35:16","date_gmt":"2024-11-14T16:35:16","guid":{"rendered":"http:\/\/eleva.ufsc.br\/?page_id=1475"},"modified":"2024-11-14T15:50:36","modified_gmt":"2024-11-14T18:50:36","slug":"apresentacoes-em-congressos","status":"publish","type":"page","link":"https:\/\/eleva.ufsc.br\/en\/apresentacoes-em-congressos\/","title":{"rendered":"Apresenta\u00e7\u00f5es em Congressos"},"content":{"rendered":"<div data-elementor-type=\"wp-post\" data-elementor-id=\"1475\" class=\"elementor elementor-1475\">\n\t\t\t\t\t\t<section class=\"elementor-section elementor-top-section elementor-element elementor-element-b1a8ef1 elementor-section-height-min-height elementor-section-boxed elementor-section-height-default elementor-section-items-middle\" data-id=\"b1a8ef1\" data-element_type=\"section\" data-settings=\"{&quot;background_background&quot;:&quot;classic&quot;}\">\n\t\t\t\t\t\t\t<div class=\"elementor-background-overlay\"><\/div>\n\t\t\t\t\t\t\t<div class=\"elementor-container elementor-column-gap-default\">\n\t\t\t\t\t<div class=\"elementor-column elementor-col-100 elementor-top-column elementor-element elementor-element-9030b13\" data-id=\"9030b13\" data-element_type=\"column\" data-settings=\"{&quot;background_background&quot;:&quot;gradient&quot;}\">\n\t\t\t<div class=\"elementor-widget-wrap elementor-element-populated\">\n\t\t\t\t\t\t<div class=\"elementor-element elementor-element-7c5292b elementor-widget elementor-widget-text-editor\" data-id=\"7c5292b\" data-element_type=\"widget\" data-widget_type=\"text-editor.default\">\n\t\t\t\t<div class=\"elementor-widget-container\">\n\t\t\t\t\t\t\t\t\t<h3 style=\"margin-top: 0px; margin-bottom: 0px; line-height: 1; font-size: 64px; font-family: 'Playfair Display', sans-serif; color: #3a3c63;\" data-elementor-setting-key=\"title\" data-pen-placeholder=\"Digite aqui...\">Apresenta\u00e7\u00f5es em\u00a0<\/h3><h3 style=\"margin-top: 0px; margin-bottom: 0px; line-height: 1; font-size: 64px; font-family: 'Playfair Display', sans-serif; color: #3a3c63;\" data-elementor-setting-key=\"title\" data-pen-placeholder=\"Digite aqui...\">Congressos<\/h3>\t\t\t\t\t\t\t\t<\/div>\n\t\t\t\t<\/div>\n\t\t\t\t\t<\/div>\n\t\t<\/div>\n\t\t\t\t\t<\/div>\n\t\t<\/section>\n\t\t\t\t<section class=\"elementor-section elementor-top-section elementor-element elementor-element-9a435ea elementor-section-boxed elementor-section-height-default elementor-section-height-default\" data-id=\"9a435ea\" data-element_type=\"section\">\n\t\t\t\t\t\t<div class=\"elementor-container elementor-column-gap-default\">\n\t\t\t\t\t<div class=\"elementor-column elementor-col-100 elementor-top-column elementor-element elementor-element-9b57684\" data-id=\"9b57684\" data-element_type=\"column\">\n\t\t\t<div class=\"elementor-widget-wrap elementor-element-populated\">\n\t\t\t\t\t\t<div class=\"elementor-element elementor-element-8274770 elementor-widget elementor-widget-spacer\" data-id=\"8274770\" data-element_type=\"widget\" data-widget_type=\"spacer.default\">\n\t\t\t\t<div class=\"elementor-widget-container\">\n\t\t\t\t\t\t\t<div class=\"elementor-spacer\">\n\t\t\t<div class=\"elementor-spacer-inner\"><\/div>\n\t\t<\/div>\n\t\t\t\t\t\t<\/div>\n\t\t\t\t<\/div>\n\t\t\t\t\t<\/div>\n\t\t<\/div>\n\t\t\t\t\t<\/div>\n\t\t<\/section>\n\t\t\t\t<section class=\"elementor-section elementor-top-section elementor-element elementor-element-dc93448 elementor-section-boxed elementor-section-height-default elementor-section-height-default\" data-id=\"dc93448\" data-element_type=\"section\">\n\t\t\t\t\t\t<div class=\"elementor-container elementor-column-gap-default\">\n\t\t\t\t\t<div class=\"elementor-column elementor-col-33 elementor-top-column elementor-element elementor-element-7da935d\" data-id=\"7da935d\" data-element_type=\"column\">\n\t\t\t<div class=\"elementor-widget-wrap elementor-element-populated\">\n\t\t\t\t\t\t<div class=\"elementor-element elementor-element-72a7484 elementor-widget elementor-widget-image\" data-id=\"72a7484\" data-element_type=\"widget\" data-widget_type=\"image.default\">\n\t\t\t\t<div class=\"elementor-widget-container\">\n\t\t\t\t\t\t\t\t\t\t\t\t\t\t\t<img fetchpriority=\"high\" decoding=\"async\" width=\"768\" height=\"1024\" src=\"https:\/\/eleva.ufsc.br\/wp-content\/uploads\/2024\/11\/WhatsApp-Image-2024-10-11-at-8.37.42\u202fAM-768x1024.jpeg\" class=\"attachment-large size-large wp-image-1476\" alt=\"\" srcset=\"https:\/\/eleva.ufsc.br\/wp-content\/uploads\/2024\/11\/WhatsApp-Image-2024-10-11-at-8.37.42\u202fAM-768x1024.jpeg 768w, https:\/\/eleva.ufsc.br\/wp-content\/uploads\/2024\/11\/WhatsApp-Image-2024-10-11-at-8.37.42\u202fAM-225x300.jpeg 225w, https:\/\/eleva.ufsc.br\/wp-content\/uploads\/2024\/11\/WhatsApp-Image-2024-10-11-at-8.37.42\u202fAM-1152x1536.jpeg 1152w, https:\/\/eleva.ufsc.br\/wp-content\/uploads\/2024\/11\/WhatsApp-Image-2024-10-11-at-8.37.42\u202fAM-9x12.jpeg 9w, https:\/\/eleva.ufsc.br\/wp-content\/uploads\/2024\/11\/WhatsApp-Image-2024-10-11-at-8.37.42\u202fAM-800x1067.jpeg 800w, https:\/\/eleva.ufsc.br\/wp-content\/uploads\/2024\/11\/WhatsApp-Image-2024-10-11-at-8.37.42\u202fAM.jpeg 1200w\" sizes=\"(max-width: 768px) 100vw, 768px\" \/>\t\t\t\t\t\t\t\t\t\t\t\t\t\t\t<\/div>\n\t\t\t\t<\/div>\n\t\t\t\t\t<\/div>\n\t\t<\/div>\n\t\t\t\t<div class=\"elementor-column elementor-col-66 elementor-top-column elementor-element elementor-element-f712341\" data-id=\"f712341\" data-element_type=\"column\">\n\t\t\t<div class=\"elementor-widget-wrap elementor-element-populated\">\n\t\t\t\t\t\t<div class=\"elementor-element elementor-element-8ef5bc7 elementor-widget elementor-widget-text-editor\" data-id=\"8ef5bc7\" data-element_type=\"widget\" data-widget_type=\"text-editor.default\">\n\t\t\t\t<div class=\"elementor-widget-container\">\n\t\t\t\t\t\t\t\t\t<p>Evento: 47\u00ba Simp\u00f3sio Internacional de Ci\u00eancias do Esporte<\/p><p>T\u00edtulo:\u00a0Deslocamento ativo para escola de adolescentes antes e depois da pandemia de COVID-19<\/p><p>Data: Outubro 2024<\/p><p>Autores:\u00a0Gabriel Pereira Maciel, Marcus Vinicius Veber Lopes, Bruno Nunes de Oliveira, Bruno Gon\u00e7alves Galdino da\u00a0Costa, Gabrielli Thais de Mello, Kelly Samara Silva<\/p>\t\t\t\t\t\t\t\t<\/div>\n\t\t\t\t<\/div>\n\t\t\t\t\t<\/div>\n\t\t<\/div>\n\t\t\t\t\t<\/div>\n\t\t<\/section>\n\t\t\t\t<section class=\"elementor-section elementor-top-section elementor-element elementor-element-0c333db elementor-section-boxed elementor-section-height-default elementor-section-height-default\" data-id=\"0c333db\" data-element_type=\"section\">\n\t\t\t\t\t\t<div class=\"elementor-container elementor-column-gap-default\">\n\t\t\t\t\t<div class=\"elementor-column elementor-col-33 elementor-top-column elementor-element elementor-element-aa613ba\" data-id=\"aa613ba\" data-element_type=\"column\">\n\t\t\t<div class=\"elementor-widget-wrap elementor-element-populated\">\n\t\t\t\t\t\t<div class=\"elementor-element elementor-element-7c09967 elementor-widget elementor-widget-image\" data-id=\"7c09967\" data-element_type=\"widget\" data-widget_type=\"image.default\">\n\t\t\t\t<div class=\"elementor-widget-container\">\n\t\t\t\t\t\t\t\t\t\t\t\t\t\t\t<img decoding=\"async\" width=\"855\" height=\"1024\" src=\"https:\/\/eleva.ufsc.br\/wp-content\/uploads\/2024\/11\/WhatsApp-Image-2024-10-10-at-8.39.33\u202fAM-855x1024.jpeg\" class=\"attachment-large size-large wp-image-1477\" alt=\"\" srcset=\"https:\/\/eleva.ufsc.br\/wp-content\/uploads\/2024\/11\/WhatsApp-Image-2024-10-10-at-8.39.33\u202fAM-855x1024.jpeg 855w, https:\/\/eleva.ufsc.br\/wp-content\/uploads\/2024\/11\/WhatsApp-Image-2024-10-10-at-8.39.33\u202fAM-251x300.jpeg 251w, https:\/\/eleva.ufsc.br\/wp-content\/uploads\/2024\/11\/WhatsApp-Image-2024-10-10-at-8.39.33\u202fAM-768x920.jpeg 768w, https:\/\/eleva.ufsc.br\/wp-content\/uploads\/2024\/11\/WhatsApp-Image-2024-10-10-at-8.39.33\u202fAM-1283x1536.jpeg 1283w, https:\/\/eleva.ufsc.br\/wp-content\/uploads\/2024\/11\/WhatsApp-Image-2024-10-10-at-8.39.33\u202fAM-10x12.jpeg 10w, https:\/\/eleva.ufsc.br\/wp-content\/uploads\/2024\/11\/WhatsApp-Image-2024-10-10-at-8.39.33\u202fAM-800x958.jpeg 800w, https:\/\/eleva.ufsc.br\/wp-content\/uploads\/2024\/11\/WhatsApp-Image-2024-10-10-at-8.39.33\u202fAM.jpeg 1336w\" sizes=\"(max-width: 855px) 100vw, 855px\" \/>\t\t\t\t\t\t\t\t\t\t\t\t\t\t\t<\/div>\n\t\t\t\t<\/div>\n\t\t\t\t\t<\/div>\n\t\t<\/div>\n\t\t\t\t<div class=\"elementor-column elementor-col-66 elementor-top-column elementor-element elementor-element-5cfb1e3\" data-id=\"5cfb1e3\" data-element_type=\"column\">\n\t\t\t<div class=\"elementor-widget-wrap elementor-element-populated\">\n\t\t\t\t\t\t<div class=\"elementor-element elementor-element-918a28b elementor-widget elementor-widget-text-editor\" data-id=\"918a28b\" data-element_type=\"widget\" data-widget_type=\"text-editor.default\">\n\t\t\t\t<div class=\"elementor-widget-container\">\n\t\t\t\t\t\t\t\t\t<p>Evento: 47\u00ba Simp\u00f3sio Internacional de Ci\u00eancias do Esporte<\/p><p>T\u00edtulo: Comportamento da atividade f\u00edsica ao longo do dia em jovens: an\u00e1lise longitudinal do projeto ELEVA<\/p><p>Data: Outubro 2024<\/p><p>Autores: Bruno Nunes de Oliveira, Bruno Gon\u00e7alves Galdino da Costa, Marcus Vinicius Veber Lopes, Kelly Samara Silva<\/p>\t\t\t\t\t\t\t\t<\/div>\n\t\t\t\t<\/div>\n\t\t\t\t\t<\/div>\n\t\t<\/div>\n\t\t\t\t\t<\/div>\n\t\t<\/section>\n\t\t\t\t<section class=\"elementor-section elementor-top-section elementor-element elementor-element-a3176e3 elementor-section-boxed elementor-section-height-default elementor-section-height-default\" data-id=\"a3176e3\" data-element_type=\"section\">\n\t\t\t\t\t\t<div class=\"elementor-container elementor-column-gap-default\">\n\t\t\t\t\t<div class=\"elementor-column elementor-col-33 elementor-top-column elementor-element elementor-element-47f8c46\" data-id=\"47f8c46\" data-element_type=\"column\">\n\t\t\t<div class=\"elementor-widget-wrap elementor-element-populated\">\n\t\t\t\t\t\t<div class=\"elementor-element elementor-element-831775f elementor-widget elementor-widget-image\" data-id=\"831775f\" data-element_type=\"widget\" data-widget_type=\"image.default\">\n\t\t\t\t<div class=\"elementor-widget-container\">\n\t\t\t\t\t\t\t\t\t\t\t\t\t\t\t<img decoding=\"async\" width=\"768\" height=\"1024\" src=\"https:\/\/eleva.ufsc.br\/wp-content\/uploads\/2024\/11\/WhatsApp-Image-2024-10-30-at-6.55.48\u202fAM-768x1024.jpeg\" class=\"attachment-large size-large wp-image-1478\" alt=\"\" srcset=\"https:\/\/eleva.ufsc.br\/wp-content\/uploads\/2024\/11\/WhatsApp-Image-2024-10-30-at-6.55.48\u202fAM-768x1024.jpeg 768w, https:\/\/eleva.ufsc.br\/wp-content\/uploads\/2024\/11\/WhatsApp-Image-2024-10-30-at-6.55.48\u202fAM-225x300.jpeg 225w, https:\/\/eleva.ufsc.br\/wp-content\/uploads\/2024\/11\/WhatsApp-Image-2024-10-30-at-6.55.48\u202fAM-1152x1536.jpeg 1152w, https:\/\/eleva.ufsc.br\/wp-content\/uploads\/2024\/11\/WhatsApp-Image-2024-10-30-at-6.55.48\u202fAM-9x12.jpeg 9w, https:\/\/eleva.ufsc.br\/wp-content\/uploads\/2024\/11\/WhatsApp-Image-2024-10-30-at-6.55.48\u202fAM-800x1067.jpeg 800w, https:\/\/eleva.ufsc.br\/wp-content\/uploads\/2024\/11\/WhatsApp-Image-2024-10-30-at-6.55.48\u202fAM.jpeg 1200w\" sizes=\"(max-width: 768px) 100vw, 768px\" \/>\t\t\t\t\t\t\t\t\t\t\t\t\t\t\t<\/div>\n\t\t\t\t<\/div>\n\t\t\t\t\t<\/div>\n\t\t<\/div>\n\t\t\t\t<div class=\"elementor-column elementor-col-66 elementor-top-column elementor-element elementor-element-bc4346f\" data-id=\"bc4346f\" data-element_type=\"column\">\n\t\t\t<div class=\"elementor-widget-wrap elementor-element-populated\">\n\t\t\t\t\t\t<div class=\"elementor-element elementor-element-34dcb5c elementor-widget elementor-widget-text-editor\" data-id=\"34dcb5c\" data-element_type=\"widget\" data-widget_type=\"text-editor.default\">\n\t\t\t\t<div class=\"elementor-widget-container\">\n\t\t\t\t\t\t\t\t\t<p>Evento: 10<sup>th<\/sup>\u00a0International Society for Physical Activity and Health Congress<\/p><p>T\u00edtulo: Leisure-time physical activity pre- and post-pandemic among adolescents in Brazil: Cross-sectional and prospective analyses<\/p><p>Data: Outubro 2024<\/p><p>Autores: Kelly Samara Silva, Gabriel Pereira Maciel, Marcus Vinicius Veber Lopes, Bruno Nunes de Oliveira, Gabrielli Thais de Mello, Valter Cordeiro Barbosa Filho, Maria Beatriz Vieira de Brito, Bruno Gon\u00e7alves Galdino da Costa<\/p>\t\t\t\t\t\t\t\t<\/div>\n\t\t\t\t<\/div>\n\t\t\t\t\t<\/div>\n\t\t<\/div>\n\t\t\t\t\t<\/div>\n\t\t<\/section>\n\t\t\t\t<section class=\"elementor-section elementor-top-section elementor-element elementor-element-5ba285a elementor-section-boxed elementor-section-height-default elementor-section-height-default\" data-id=\"5ba285a\" data-element_type=\"section\">\n\t\t\t\t\t\t<div class=\"elementor-container elementor-column-gap-default\">\n\t\t\t\t\t<div class=\"elementor-column elementor-col-33 elementor-top-column elementor-element elementor-element-0d6bbfb\" data-id=\"0d6bbfb\" data-element_type=\"column\">\n\t\t\t<div class=\"elementor-widget-wrap elementor-element-populated\">\n\t\t\t\t\t\t<div class=\"elementor-element elementor-element-f299915 elementor-widget elementor-widget-image\" data-id=\"f299915\" data-element_type=\"widget\" data-widget_type=\"image.default\">\n\t\t\t\t<div class=\"elementor-widget-container\">\n\t\t\t\t\t\t\t\t\t\t\t\t\t\t\t<img loading=\"lazy\" decoding=\"async\" width=\"631\" height=\"1024\" src=\"https:\/\/eleva.ufsc.br\/wp-content\/uploads\/2024\/11\/WhatsApp-Image-2024-10-30-at-6.55.51\u202fAM-631x1024.jpeg\" class=\"attachment-large size-large wp-image-1479\" alt=\"\" srcset=\"https:\/\/eleva.ufsc.br\/wp-content\/uploads\/2024\/11\/WhatsApp-Image-2024-10-30-at-6.55.51\u202fAM-631x1024.jpeg 631w, https:\/\/eleva.ufsc.br\/wp-content\/uploads\/2024\/11\/WhatsApp-Image-2024-10-30-at-6.55.51\u202fAM-185x300.jpeg 185w, https:\/\/eleva.ufsc.br\/wp-content\/uploads\/2024\/11\/WhatsApp-Image-2024-10-30-at-6.55.51\u202fAM-768x1246.jpeg 768w, https:\/\/eleva.ufsc.br\/wp-content\/uploads\/2024\/11\/WhatsApp-Image-2024-10-30-at-6.55.51\u202fAM-947x1536.jpeg 947w, https:\/\/eleva.ufsc.br\/wp-content\/uploads\/2024\/11\/WhatsApp-Image-2024-10-30-at-6.55.51\u202fAM-7x12.jpeg 7w, https:\/\/eleva.ufsc.br\/wp-content\/uploads\/2024\/11\/WhatsApp-Image-2024-10-30-at-6.55.51\u202fAM-800x1298.jpeg 800w, https:\/\/eleva.ufsc.br\/wp-content\/uploads\/2024\/11\/WhatsApp-Image-2024-10-30-at-6.55.51\u202fAM.jpeg 986w\" sizes=\"(max-width: 631px) 100vw, 631px\" \/>\t\t\t\t\t\t\t\t\t\t\t\t\t\t\t<\/div>\n\t\t\t\t<\/div>\n\t\t\t\t\t<\/div>\n\t\t<\/div>\n\t\t\t\t<div class=\"elementor-column elementor-col-66 elementor-top-column elementor-element elementor-element-2964df1\" data-id=\"2964df1\" data-element_type=\"column\">\n\t\t\t<div class=\"elementor-widget-wrap elementor-element-populated\">\n\t\t\t\t\t\t<div class=\"elementor-element elementor-element-436a834 elementor-widget elementor-widget-text-editor\" data-id=\"436a834\" data-element_type=\"widget\" data-widget_type=\"text-editor.default\">\n\t\t\t\t<div class=\"elementor-widget-container\">\n\t\t\t\t\t\t\t\t\t<p>Evento:\u00a0<span style=\"font-size: 14px; letter-spacing: 0px;\">10<\/span><span style=\"letter-spacing: 0px; position: relative; font-size: 10.5px; line-height: 0; top: -0.5em;\">th<\/span><span style=\"font-size: 14px; letter-spacing: 0px;\">\u00a0International Society for Physical Activity and Health Congress<\/span><\/p><p>T\u00edtulo: Comparison of screen time behaviours among Brazilian adolescents pre-and post the COVID-19 pandemic<\/p><p>Data: Outubro 2024<\/p><p>Autores: Bruno da Costa, Marcus Vinicius Veber Lopes, Gabrielli Thais de Mello, Bruno Nunes de Oliveira, Jean-Philippe Chaput, Kelly Samara Silva<\/p>\t\t\t\t\t\t\t\t<\/div>\n\t\t\t\t<\/div>\n\t\t\t\t\t<\/div>\n\t\t<\/div>\n\t\t\t\t\t<\/div>\n\t\t<\/section>\n\t\t\t\t<\/div>","protected":false},"excerpt":{"rendered":"<p>Apresenta\u00e7\u00f5es em\u00a0 Congressos Evento: 47\u00ba Simp\u00f3sio Internacional de Ci\u00eancias do Esporte T\u00edtulo:\u00a0Deslocamento ativo para escola de adolescentes antes e depois da pandemia de COVID-19 Data: Outubro 2024 Autores:\u00a0Gabriel Pereira Maciel, Marcus Vinicius Veber Lopes, Bruno Nunes de Oliveira, Bruno Gon\u00e7alves Galdino da\u00a0Costa, Gabrielli Thais de Mello, Kelly Samara Silva Evento: 47\u00ba Simp\u00f3sio Internacional de Ci\u00eancias do Esporte T\u00edtulo: Comportamento da atividade f\u00edsica ao longo do dia em jovens: an\u00e1lise longitudinal do projeto ELEVA Data: Outubro 2024 Autores:&hellip;<\/p>","protected":false},"author":1,"featured_media":0,"parent":0,"menu_order":0,"comment_status":"closed","ping_status":"closed","template":"","meta":{"footnotes":""},"class_list":["post-1475","page","type-page","status-publish","hentry"],"_links":{"self":[{"href":"https:\/\/eleva.ufsc.br\/en\/wp-json\/wp\/v2\/pages\/1475","targetHints":{"allow":["GET"]}}],"collection":[{"href":"https:\/\/eleva.ufsc.br\/en\/wp-json\/wp\/v2\/pages"}],"about":[{"href":"https:\/\/eleva.ufsc.br\/en\/wp-json\/wp\/v2\/types\/page"}],"author":[{"embeddable":true,"href":"https:\/\/eleva.ufsc.br\/en\/wp-json\/wp\/v2\/users\/1"}],"replies":[{"embeddable":true,"href":"https:\/\/eleva.ufsc.br\/en\/wp-json\/wp\/v2\/comments?post=1475"}],"version-history":[{"count":4,"href":"https:\/\/eleva.ufsc.br\/en\/wp-json\/wp\/v2\/pages\/1475\/revisions"}],"predecessor-version":[{"id":1483,"href":"https:\/\/eleva.ufsc.br\/en\/wp-json\/wp\/v2\/pages\/1475\/revisions\/1483"}],"wp:attachment":[{"href":"https:\/\/eleva.ufsc.br\/en\/wp-json\/wp\/v2\/media?parent=1475"}],"curies":[{"name":"wp","href":"https:\/\/api.w.org\/{rel}","templated":true}]}}