{"id":1370,"date":"2021-07-15T16:52:40","date_gmt":"2021-07-15T19:52:40","guid":{"rendered":"http:\/\/eleva.ufsc.br\/?page_id=1370"},"modified":"2021-07-15T17:08:40","modified_gmt":"2021-07-15T20:08:40","slug":"monografias","status":"publish","type":"page","link":"https:\/\/eleva.ufsc.br\/en\/monografias\/","title":{"rendered":"Monografias"},"content":{"rendered":"<div data-elementor-type=\"wp-page\" data-elementor-id=\"1370\" class=\"elementor elementor-1370\">\n\t\t\t\t\t\t<section class=\"elementor-section elementor-top-section elementor-element elementor-element-909c20c elementor-section-height-min-height elementor-section-boxed elementor-section-height-default elementor-section-items-middle\" data-id=\"909c20c\" data-element_type=\"section\" data-settings=\"{&quot;background_background&quot;:&quot;classic&quot;}\">\n\t\t\t\t\t\t\t<div class=\"elementor-background-overlay\"><\/div>\n\t\t\t\t\t\t\t<div class=\"elementor-container elementor-column-gap-default\">\n\t\t\t\t\t<div class=\"elementor-column elementor-col-100 elementor-top-column elementor-element elementor-element-5cf88ba\" data-id=\"5cf88ba\" data-element_type=\"column\" data-settings=\"{&quot;background_background&quot;:&quot;gradient&quot;}\">\n\t\t\t<div class=\"elementor-widget-wrap elementor-element-populated\">\n\t\t\t\t\t\t<div class=\"elementor-element elementor-element-41b1751 elementor-widget elementor-widget-text-editor\" data-id=\"41b1751\" data-element_type=\"widget\" data-widget_type=\"text-editor.default\">\n\t\t\t\t<div class=\"elementor-widget-container\">\n\t\t\t\t\t\t\t\t\t<h3 style=\"margin-top: 0px; margin-bottom: 0px; line-height: 1; font-size: 64px; font-family: 'Playfair Display', sans-serif; color: #3a3c63;\" data-elementor-setting-key=\"title\" data-pen-placeholder=\"Digite aqui...\">Monografias defendidas:<\/h3>\t\t\t\t\t\t\t\t<\/div>\n\t\t\t\t<\/div>\n\t\t\t\t\t<\/div>\n\t\t<\/div>\n\t\t\t\t\t<\/div>\n\t\t<\/section>\n\t\t\t\t<section class=\"elementor-section elementor-top-section elementor-element elementor-element-d7c4b97 elementor-section-boxed elementor-section-height-default elementor-section-height-default\" data-id=\"d7c4b97\" data-element_type=\"section\">\n\t\t\t\t\t\t<div class=\"elementor-container elementor-column-gap-default\">\n\t\t\t\t\t<div class=\"elementor-column elementor-col-100 elementor-top-column elementor-element elementor-element-7c50f82\" data-id=\"7c50f82\" data-element_type=\"column\">\n\t\t\t<div class=\"elementor-widget-wrap elementor-element-populated\">\n\t\t\t\t\t\t<div class=\"elementor-element elementor-element-5fca420 elementor-widget elementor-widget-spacer\" data-id=\"5fca420\" data-element_type=\"widget\" data-widget_type=\"spacer.default\">\n\t\t\t\t<div class=\"elementor-widget-container\">\n\t\t\t\t\t\t\t<div class=\"elementor-spacer\">\n\t\t\t<div class=\"elementor-spacer-inner\"><\/div>\n\t\t<\/div>\n\t\t\t\t\t\t<\/div>\n\t\t\t\t<\/div>\n\t\t\t\t<div class=\"elementor-element elementor-element-335ba13 elementor-widget elementor-widget-text-editor\" data-id=\"335ba13\" data-element_type=\"widget\" data-widget_type=\"text-editor.default\">\n\t\t\t\t<div class=\"elementor-widget-container\">\n\t\t\t\t\t\t\t\t\t<p><b>Sleep, sedentary behavior, physical activity and associated factors among Brazilian adolescents<\/b><\/p><p><span style=\"font-size: 14px; letter-spacing: 0px;\"><b> Autor:<\/b><br \/>Bruno Gon\u00e7alves Galdino da Costa<\/span><\/p><p><span style=\"font-weight: bold; font-size: 14px;\">Orientadora:<br \/><\/span><span style=\"font-size: 14px; letter-spacing: 0px;\">Kelly Samara da Silva<\/span><\/p><p><span style=\"font-size: 14px; letter-spacing: 0px;\">Tese para obten\u00e7\u00e3o do tit\u00falo de Doutor em Educa\u00e7\u00e3o F\u00edsica na \u00e1rea de Atividade F\u00edsica e Sa\u00fade, pelo Programa de P\u00f3s-Gradua\u00e7\u00e3o em Educa\u00e7\u00e3o F\u00edsica da Universidade Federal de Santa Catarina.<\/span><\/p><p><span style=\"letter-spacing: 0px; font-size: 14px;\"><b>Acess<\/b>:\u00a0<\/span><a style=\"letter-spacing: 0px; background-color: #ffffff; color: #0c7dbb; word-break: break-word; font-family: NexusSans, Arial, Helvetica, 'Lucida Sans Unicode', 'Microsoft Sans Serif', 'Segoe UI Symbol', STIXGeneral, 'Cambria Math', 'Arial Unicode MS', sans-serif; font-size: 14px;\" title=\"Persistent link using digital object identifier\" href=\"https:\/\/repositorio.ufsc.br\/handle\/123456789\/219355\" target=\"_blank\" rel=\"noreferrer noopener\" aria-label=\"Persistent link using digital object identifier\">https:\/\/repositorio.ufsc.br\/handle\/123456789\/219355<\/a><\/p>\t\t\t\t\t\t\t\t<\/div>\n\t\t\t\t<\/div>\n\t\t\t\t\t<\/div>\n\t\t<\/div>\n\t\t\t\t\t<\/div>\n\t\t<\/section>\n\t\t\t\t<section class=\"elementor-section elementor-top-section elementor-element elementor-element-280aed3 elementor-section-boxed elementor-section-height-default elementor-section-height-default\" data-id=\"280aed3\" data-element_type=\"section\">\n\t\t\t\t\t\t<div class=\"elementor-container elementor-column-gap-default\">\n\t\t\t\t\t<div class=\"elementor-column elementor-col-100 elementor-top-column elementor-element elementor-element-727e9d5\" data-id=\"727e9d5\" data-element_type=\"column\">\n\t\t\t<div class=\"elementor-widget-wrap elementor-element-populated\">\n\t\t\t\t\t\t<div class=\"elementor-element elementor-element-2f42c5a elementor-widget elementor-widget-text-editor\" data-id=\"2f42c5a\" data-element_type=\"widget\" data-widget_type=\"text-editor.default\">\n\t\t\t\t<div class=\"elementor-widget-container\">\n\t\t\t\t\t\t\t\t\t<p><b>Associa\u00e7\u00f5es temporais e bidirecionais entre a atividade f\u00edsica e o sono em adolescentes<\/b><\/p><p><span style=\"font-size: 14px; letter-spacing: 0px;\"><b> Autor:<\/b><br \/>Lu\u00eds Eduardo Argenta Malheiros<\/span><\/p><p><span style=\"font-weight: bold; font-size: 14px;\">Orientadora:<br \/><\/span><span style=\"font-size: 14px; letter-spacing: 0px;\">Kelly Samara da Silva<\/span><\/p><p><span style=\"font-size: 14px; letter-spacing: 0px;\">Disserta\u00e7\u00e3o para obten\u00e7\u00e3o do tit\u00falo de Mestre em Educa\u00e7\u00e3o F\u00edsica na \u00e1rea de Atividade F\u00edsica e Sa\u00fade, pelo Programa de P\u00f3s-Gradua\u00e7\u00e3o em Educa\u00e7\u00e3o F\u00edsica da Universidade Federal de Santa Catarina.<\/span><\/p><p><span style=\"letter-spacing: 0px; font-size: 14px;\"><b>Acess<\/b>:\u00a0<\/span><a style=\"letter-spacing: 0px; background-color: #ffffff; color: #0c7dbb; word-break: break-word; font-family: NexusSans, Arial, Helvetica, 'Lucida Sans Unicode', 'Microsoft Sans Serif', 'Segoe UI Symbol', STIXGeneral, 'Cambria Math', 'Arial Unicode MS', sans-serif; font-size: 14px;\" title=\"Persistent link using digital object identifier\" href=\"http:\/\/www.bu.ufsc.br\/teses\/PGEF0582-D.pdf\" target=\"_blank\" rel=\"noreferrer noopener\" aria-label=\"Persistent link using digital object identifier\">http:\/\/www.bu.ufsc.br\/teses\/PGEF0582-D.pdf<\/a><\/p>\t\t\t\t\t\t\t\t<\/div>\n\t\t\t\t<\/div>\n\t\t\t\t\t<\/div>\n\t\t<\/div>\n\t\t\t\t\t<\/div>\n\t\t<\/section>\n\t\t\t\t<\/div>","protected":false},"excerpt":{"rendered":"<p>Monografias defendidas: Sleep, sedentary behavior, physical activity and associated factors among Brazilian adolescents Autor:Bruno Gon\u00e7alves Galdino da Costa Orientadora:Kelly Samara da Silva Tese para obten\u00e7\u00e3o do tit\u00falo de Doutor em Educa\u00e7\u00e3o F\u00edsica na \u00e1rea de Atividade F\u00edsica e Sa\u00fade, pelo Programa de P\u00f3s-Gradua\u00e7\u00e3o em Educa\u00e7\u00e3o F\u00edsica da Universidade Federal de Santa Catarina. Acesso:\u00a0https:\/\/repositorio.ufsc.br\/handle\/123456789\/219355 Associa\u00e7\u00f5es temporais e bidirecionais entre a atividade f\u00edsica e o sono em adolescentes Autor:Lu\u00eds Eduardo Argenta Malheiros Orientadora:Kelly Samara da Silva Disserta\u00e7\u00e3o para obten\u00e7\u00e3o&hellip;<\/p>","protected":false},"author":1,"featured_media":0,"parent":0,"menu_order":0,"comment_status":"closed","ping_status":"closed","template":"","meta":{"footnotes":""},"class_list":["post-1370","page","type-page","status-publish","hentry"],"_links":{"self":[{"href":"https:\/\/eleva.ufsc.br\/en\/wp-json\/wp\/v2\/pages\/1370","targetHints":{"allow":["GET"]}}],"collection":[{"href":"https:\/\/eleva.ufsc.br\/en\/wp-json\/wp\/v2\/pages"}],"about":[{"href":"https:\/\/eleva.ufsc.br\/en\/wp-json\/wp\/v2\/types\/page"}],"author":[{"embeddable":true,"href":"https:\/\/eleva.ufsc.br\/en\/wp-json\/wp\/v2\/users\/1"}],"replies":[{"embeddable":true,"href":"https:\/\/eleva.ufsc.br\/en\/wp-json\/wp\/v2\/comments?post=1370"}],"version-history":[{"count":3,"href":"https:\/\/eleva.ufsc.br\/en\/wp-json\/wp\/v2\/pages\/1370\/revisions"}],"predecessor-version":[{"id":1378,"href":"https:\/\/eleva.ufsc.br\/en\/wp-json\/wp\/v2\/pages\/1370\/revisions\/1378"}],"wp:attachment":[{"href":"https:\/\/eleva.ufsc.br\/en\/wp-json\/wp\/v2\/media?parent=1370"}],"curies":[{"name":"wp","href":"https:\/\/api.w.org\/{rel}","templated":true}]}}